{"id":340,"date":"2015-07-27T10:34:14","date_gmt":"2015-07-27T08:34:14","guid":{"rendered":"http:\/\/zanetti.ch\/2015\/?page_id=340"},"modified":"2015-11-17T10:22:44","modified_gmt":"2015-11-17T09:22:44","slug":"referate-publikationen","status":"publish","type":"page","link":"http:\/\/www.zanetti.ch\/?page_id=340","title":{"rendered":"Referate &#038; Publikationen"},"content":{"rendered":"<h1>Selbst verfasst<\/h1>\n<ul>\n<ul>\n<li><a href=\"http:\/\/www.zanetti.ch\/wp-content\/uploads\/2015\/11\/070130islamisierung.pdf\" target=\"_blank\">Islamisierung &#8211; Referat Lilienberg<\/a> (pdf)<\/li>\n<\/ul>\n<\/ul>\n<ul>\n<ul>\n<li>Information als monopolisiertes Menschenrecht?<br \/>\n<a href=\"http:\/\/www.zanetti.ch\/wp-content\/uploads\/2015\/11\/monopolisiertes_menschenrecht.pdf\" target=\"_blank\">Der Krieg und die Wahrheit<\/a> (pdf)<\/li>\n<\/ul>\n<\/ul>\n<ul>\n<ul>\n<li><a href=\"http:\/\/www.zanetti.ch\/wp-content\/uploads\/2015\/11\/strafrecht.pdf\" target=\"_blank\">Strafrecht ist Freiheitsrecht<\/a> (pdf)<\/li>\n<\/ul>\n<\/ul>\n<ul>\n<ul>\n<li><a href=\"http:\/\/www.zanetti.ch\/wp-content\/uploads\/2015\/11\/voelkerrecht.pdf\" target=\"_blank\">Zum Verh\u00e4ltnis von V\u00f6lkerrecht und staatlicher Souver\u00e4nit\u00e4t.<\/a> (pdf)<\/li>\n<\/ul>\n<\/ul>\n<ul>\n<ul>\n<li>Steuersenkung<br \/>\n<a href=\"http:\/\/www.zanetti.ch\/wp-content\/uploads\/2015\/11\/steuersenkung.pdf\" target=\"_blank\">Der Regierungsrat tr\u00f6delt, anstatt zu handeln<\/a> (pdf)<\/li>\n<\/ul>\n<\/ul>\n<ul>\n<ul>\n<li>Referat anl\u00e4sslich des H\u00f6henfeuers vom 31. Januar 2003 auf dem Bachtel<br \/>\n<a href=\"http:\/\/www.zanetti.ch\/wp-content\/uploads\/2015\/11\/junge_leute.pdf\" target=\"_blank\">Wieso sollen junge Leute SVP w\u00e4hlen?<\/a> (pdf)<\/li>\n<\/ul>\n<\/ul>\n<ul>\n<ul>\n<li>&#8222;Aktive Neutralit\u00e4t&#8220; f\u00fchrt ins Dilemma<br \/>\n<a href=\"http:\/\/www.zanetti.ch\/wp-content\/uploads\/2015\/11\/aktive_neutralitaet.pdf\" target=\"_blank\">Sterben f\u00fcr die Glorie der politischen Elite?<\/a> (pdf)<\/li>\n<\/ul>\n<\/ul>\n<ul>\n<ul>\n<li><a href=\"http:\/\/www.zanetti.ch\/wp-content\/uploads\/2015\/11\/nicht_minarette.pdf\" target=\"_blank\">Nicht die Minarette sind das Problem<\/a> (pdf)<\/li>\n<\/ul>\n<\/ul>\n<ul>\n<ul>\n<li>Kuschen vor den Emp\u00f6rten?<br \/>\n<a href=\"http:\/\/www.zanetti.ch\/wp-content\/uploads\/2015\/11\/hurra.pdf\" target=\"_blank\">Von Appeasement profitiert der Aggressor<\/a> (pdf)<\/li>\n<\/ul>\n<\/ul>\n<ul>\n<ul>\n<li>Antirassismus-Strafnorm<br \/>\n<a href=\"http:\/\/www.zanetti.ch\/wp-content\/uploads\/2015\/11\/antirassismusstrafnorm.pdf\" target=\"_blank\">Vor Tische las man\u2019s anders<\/a> (pdf)<\/li>\n<\/ul>\n<\/ul>\n<ul>\n<ul>\n<li>Stopp dem Richterstaat<br \/>\n<a href=\"http:\/\/www.zanetti.ch\/wp-content\/uploads\/2015\/11\/private_diskriminieren.pdf\" target=\"_blank\">Private m\u00fcssen diskriminieren d\u00fcrfen<\/a> (pdf)<\/li>\n<\/ul>\n<\/ul>\n<ul>\n<ul>\n<li>Seminar vom 2. Februar 2006<br \/>\n<a href=\"http:\/\/www.zanetti.ch\/wp-content\/uploads\/2015\/11\/versammlungsleitung.ppt\" target=\"_blank\">Wie leitet man eine Versammlung?<\/a> (ppt)<br \/>\n<a href=\"http:\/\/www.zanetti.ch\/wp-content\/uploads\/2015\/11\/leitung_versammlung.pdf\" target=\"_blank\">Die Leitung einer Versammlung<\/a> (pdf)<\/li>\n<\/ul>\n<\/ul>\n<ul>\n<ul>\n<li><a href=\"http:\/\/www.zanetti.ch\/wp-content\/uploads\/2015\/11\/rhetorikseminar.ppt\" target=\"_blank\">Der richtige Auftritt und die Argumentation auf einem Podium<\/a> (ppt)<\/li>\n<\/ul>\n<\/ul>\n<ul>\n<ul>\n<li>Informationsveranstaltung vom 27. Juni 2007<br \/>\n<a href=\"http:\/\/www.zanetti.ch\/wp-content\/uploads\/2015\/11\/schutz_eigentums.ppt\" target=\"_blank\">Der Schutz des Eigentums<\/a> (ppt)<\/li>\n<\/ul>\n<\/ul>\n<ul>\n<ul>\n<li><a href=\"http:\/\/www.zanetti.ch\/wp-content\/uploads\/2015\/11\/idheap.ppt\" target=\"_blank\">La campagne \u00e9lectorale permanente ou Le succ\u00e8s politique \u2013 juste une question de communication ? <\/a> (ppt)<\/li>\n<\/ul>\n<\/ul>\n<ul>\n<ul>\n<li><a href=\"http:\/\/www.zanetti.ch\/wp-content\/uploads\/2015\/11\/politische_ablaeufe.ppt\" target=\"_blank\">Die politischen Abl\u00e4ufe im Kanton Z\u00fcrich<\/a> (ppt)<\/li>\n<\/ul>\n<\/ul>\n<ul>\n<li><a href=\"http:\/\/www.zanetti.ch\/wp-content\/uploads\/2015\/11\/finanzen_zuerich.ppt\" target=\"_blank\">Anmerkungen zur finanziellen Lage des Kantons Z\u00fcrich<\/a> (ppt)<\/li>\n<\/ul>\n<div id=\"inhalt\">\n<h1>Referate \/ Publikationen: Geklaut, aber lesenswert\u2026<\/h1>\n<ul>\n<ul>\n<li><a href=\"http:\/\/www.zanetti.ch\/wp-content\/uploads\/2015\/11\/don_camillo.pdf\" target=\"_blank\">Don Camillo und der Imam<\/a> (pdf)<\/li>\n<\/ul>\n<\/ul>\n<ul>\n<ul>\n<li><a href=\"http:\/\/www.zanetti.ch\/wp-content\/uploads\/2015\/11\/freiheit_sozialismus.pdf\" target=\"_blank\">Freiheit statt Sozialismus &#8211; von Christoph Blocher<\/a> (pdf)<\/li>\n<\/ul>\n<\/ul>\n<ul>\n<ul>\n<li><a href=\"http:\/\/www.zanetti.ch\/wp-content\/uploads\/2015\/11\/chef.pdf\" target=\"_blank\">Fragen Sie nie ihren Chef &#8211; Interview mit Christoph Blocher \u00fcber F\u00fchrungsgrunds\u00e4tze<\/a> (pdf)<\/li>\n<\/ul>\n<\/ul>\n<ul>\n<ul>\n<li>Zeitgeist<br \/>\n<a href=\"http:\/\/www.zanetti.ch\/wp-content\/uploads\/2015\/11\/mainstream.pdf\" target=\"_blank\">Mainstream? Nein danke! &#8211; von Urs Paul Engeler in der Weltwoche<\/a> (pdf)<\/li>\n<\/ul>\n<\/ul>\n<ul>\n<ul>\n<li><a href=\"http:\/\/www.zanetti.ch\/wp-content\/uploads\/2015\/11\/svp_mobbing.pdf\" target=\"_blank\">SVP-Mobbing &#8211; Der Zusammenbruch der GPK-Intrige &#8211; von Philipp Gut in der Weltwoche<\/a> (pdf)<\/li>\n<\/ul>\n<\/ul>\n<ul>\n<ul>\n<li>Wie dem Sozialmissbrauch wirksam begegnet werden kann<br \/>\n<a href=\"http:\/\/www.zanetti.ch\/wp-content\/uploads\/2015\/11\/welfare_queen.pdf\" target=\"_blank\">Die flei\u00dfigen Erben der &#8222;Welfare Queen&#8220;<\/a> (pdf)<\/li>\n<\/ul>\n<\/ul>\n<ul>\n<ul>\n<li><a href=\"http:\/\/www.zanetti.ch\/wp-content\/uploads\/2015\/11\/auslaenderanteil.pdf\" target=\"_blank\">Alex Baur \u00fcber den Ausl\u00e4nderanteil bei der Sozialhilfe &#8211; Weltwoche<\/a> (pdf)<\/li>\n<\/ul>\n<\/ul>\n<ul>\n<ul>\n<li><a href=\"http:\/\/www.zanetti.ch\/wp-content\/uploads\/2015\/11\/rot_schwarz.pdf\" target=\"_blank\">Die Weltwoche &#8211; Rot ist das neue Schwarz<\/a> (pdf)<\/li>\n<\/ul>\n<\/ul>\n<ul>\n<ul>\n<li><a href=\"http:\/\/www.zanetti.ch\/wp-content\/uploads\/2015\/11\/armeeabschaffung.pdf\" target=\"_blank\">Armeeabschaffung auf Befehl von oben<\/a> (pdf)<\/li>\n<\/ul>\n<\/ul>\n<ul>\n<ul>\n<li><a href=\"http:\/\/www.zanetti.ch\/wp-content\/uploads\/2015\/11\/sechs_lektionen.pdf\" target=\"_blank\">Engeler &#8211; Sechs Lektionen Schuldgef\u00fchle<\/a> (pdf)<\/li>\n<\/ul>\n<\/ul>\n<ul>\n<ul>\n<li><a href=\"http:\/\/www.zanetti.ch\/wp-content\/uploads\/2015\/11\/feldflaschen.pdf\" target=\"_blank\">Unsere Feldflaschen &#8211; Urs Paul Engeler in der Weltwoche<\/a> (pdf)<\/li>\n<\/ul>\n<\/ul>\n<ul>\n<ul>\n<li><a href=\"http:\/\/www.zanetti.ch\/wp-content\/uploads\/2015\/11\/jesus.pdf\" target=\"_blank\">Jesus w\u00fcrde SP w\u00e4hlen<\/a> (pdf)<\/li>\n<\/ul>\n<\/ul>\n<ul>\n<ul>\n<li><a href=\"http:\/\/www.zanetti.ch\/wp-content\/uploads\/2015\/11\/kapitulieren.pdf\" target=\"_blank\">Wir kapitulieren! von Henryk M. Broder<\/a> (pdf)<\/li>\n<\/ul>\n<\/ul>\n<ul>\n<ul>\n<li><a href=\"http:\/\/www.zanetti.ch\/wp-content\/uploads\/2015\/11\/barrikaden.pdf\" target=\"_blank\">Arnulf Baring ruft die B\u00fcrger auf die Barrikaden<\/a> (pdf)<\/li>\n<\/ul>\n<\/ul>\n<ul>\n<ul>\n<li><a href=\"http:\/\/www.zanetti.ch\/wp-content\/uploads\/2015\/11\/wille.pdf\" target=\"_blank\">Engeler &#8211; Unser Wille geschehe &#8211; Die Weltwoche<\/a> (pdf)<\/li>\n<\/ul>\n<\/ul>\n<ul>\n<li>B\u00fcrokratie<br \/>\n<a href=\"http:\/\/www.zanetti.ch\/wp-content\/uploads\/2015\/11\/thesenritter.pdf\" target=\"_blank\">Die Thesenritter &#8211; von Prof. Silvio Borner in der Weltwoche<\/a> (pdf)<\/li>\n<\/ul>\n<\/div>\n\n<div class=\"twitter-share\"><a href=\"https:\/\/twitter.com\/intent\/tweet?via=zac1967\" class=\"twitter-share-button\" data-size=\"large\">Twittern<\/a><\/div>\n","protected":false},"excerpt":{"rendered":"<p>Selbst verfasst Islamisierung &#8211; Referat Lilienberg (pdf) Information als monopolisiertes Menschenrecht? Der Krieg und die Wahrheit (pdf) Strafrecht ist Freiheitsrecht (pdf) Zum Verh\u00e4ltnis von V\u00f6lkerrecht und staatlicher Souver\u00e4nit\u00e4t. (pdf) Steuersenkung Der Regierungsrat tr\u00f6delt, anstatt zu handeln (pdf) Referat anl\u00e4sslich des H\u00f6henfeuers vom 31. Januar 2003 auf dem Bachtel Wieso sollen junge Leute SVP w\u00e4hlen? (pdf) &hellip; <a href=\"http:\/\/www.zanetti.ch\/?page_id=340\" class=\"more-link\"><span class=\"screen-reader-text\">Referate &#038; Publikationen<\/span> weiterlesen <span class=\"meta-nav\">&rarr;<\/span><\/a><\/p>\n","protected":false},"author":1,"featured_media":0,"parent":324,"menu_order":6,"comment_status":"open","ping_status":"open","template":"","meta":{"_exactmetrics_skip_tracking":false,"_exactmetrics_sitenote_active":false,"_exactmetrics_sitenote_note":"","_exactmetrics_sitenote_category":0,"jetpack_post_was_ever_published":false,"footnotes":""},"class_list":["post-340","page","type-page","status-publish","hentry"],"jetpack_sharing_enabled":true,"jetpack_shortlink":"https:\/\/wp.me\/P6ORi5-5u","_links":{"self":[{"href":"http:\/\/www.zanetti.ch\/index.php?rest_route=\/wp\/v2\/pages\/340","targetHints":{"allow":["GET"]}}],"collection":[{"href":"http:\/\/www.zanetti.ch\/index.php?rest_route=\/wp\/v2\/pages"}],"about":[{"href":"http:\/\/www.zanetti.ch\/index.php?rest_route=\/wp\/v2\/types\/page"}],"author":[{"embeddable":true,"href":"http:\/\/www.zanetti.ch\/index.php?rest_route=\/wp\/v2\/users\/1"}],"replies":[{"embeddable":true,"href":"http:\/\/www.zanetti.ch\/index.php?rest_route=%2Fwp%2Fv2%2Fcomments&post=340"}],"version-history":[{"count":8,"href":"http:\/\/www.zanetti.ch\/index.php?rest_route=\/wp\/v2\/pages\/340\/revisions"}],"predecessor-version":[{"id":796,"href":"http:\/\/www.zanetti.ch\/index.php?rest_route=\/wp\/v2\/pages\/340\/revisions\/796"}],"up":[{"embeddable":true,"href":"http:\/\/www.zanetti.ch\/index.php?rest_route=\/wp\/v2\/pages\/324"}],"wp:attachment":[{"href":"http:\/\/www.zanetti.ch\/index.php?rest_route=%2Fwp%2Fv2%2Fmedia&parent=340"}],"curies":[{"name":"wp","href":"https:\/\/api.w.org\/{rel}","templated":true}]}}