{"id":494996,"date":"2021-05-31T12:58:27","date_gmt":"2021-05-31T10:58:27","guid":{"rendered":"https:\/\/www.zanetti.ch\/?page_id=494996"},"modified":"2021-05-31T13:48:17","modified_gmt":"2021-05-31T11:48:17","slug":"werbung","status":"publish","type":"page","link":"http:\/\/www.zanetti.ch\/?page_id=494996","title":{"rendered":"Das sind die Tr\u00e4ume und W\u00fcnsche der Schweizer"},"content":{"rendered":"<p><a href=\"https:\/\/i0.wp.com\/www.zanetti.ch\/wp-content\/uploads\/2021\/05\/Villa.jpg?ssl=1\"><img data-recalc-dims=\"1\" loading=\"lazy\" decoding=\"async\" class=\"alignnone wp-image-494998\" src=\"https:\/\/i0.wp.com\/www.zanetti.ch\/wp-content\/uploads\/2021\/05\/Villa.jpg?resize=452%2C301&#038;ssl=1\" alt=\"\" width=\"452\" height=\"301\" srcset=\"https:\/\/i0.wp.com\/www.zanetti.ch\/wp-content\/uploads\/2021\/05\/Villa.jpg?resize=300%2C200&amp;ssl=1 300w, https:\/\/i0.wp.com\/www.zanetti.ch\/wp-content\/uploads\/2021\/05\/Villa.jpg?resize=1024%2C683&amp;ssl=1 1024w, https:\/\/i0.wp.com\/www.zanetti.ch\/wp-content\/uploads\/2021\/05\/Villa.jpg?resize=768%2C512&amp;ssl=1 768w, https:\/\/i0.wp.com\/www.zanetti.ch\/wp-content\/uploads\/2021\/05\/Villa.jpg?resize=1536%2C1024&amp;ssl=1 1536w, https:\/\/i0.wp.com\/www.zanetti.ch\/wp-content\/uploads\/2021\/05\/Villa.jpg?w=2016&amp;ssl=1 2016w, https:\/\/i0.wp.com\/www.zanetti.ch\/wp-content\/uploads\/2021\/05\/Villa.jpg?w=948&amp;ssl=1 948w, https:\/\/i0.wp.com\/www.zanetti.ch\/wp-content\/uploads\/2021\/05\/Villa.jpg?w=1422&amp;ssl=1 1422w\" sizes=\"auto, (max-width: 452px) 100vw, 452px\" \/><\/a><\/p>\n<p>Foto: Pixabay.com, \u00a9 <a href=\"https:\/\/pixabay.com\/de\/photos\/rasen-baum-haus-gras-luxus-sommer-3248159\/\">ArtisticOperations<\/a>, <a href=\"https:\/\/creativecommons.org\/publicdomain\/zero\/1.0\/deed.de\">CC0 1.0<\/a><\/p>\n<p>Die Schweizer haben eine klare Vorstellung davon, wie sie ihr Leben angenehmer, luxuri\u00f6ser und gl\u00fccklicher gestalten k\u00f6nnen. Einige ihrer W\u00fcnsche sind komplett immateriell, andere reichen <strong>von Luxusuhren \u00fcber Traumurlaube bis hin zu Autos und Wohneigentum<\/strong>. Was sich die Schweizer im Einzelnen w\u00fcnschen und was sie sich diesbez\u00fcglich f\u00fcr ihre Lebensqualit\u00e4t erhoffen, erl\u00e4utert dieser Ratgeber.<\/p>\n<h2>Mehr Selbstst\u00e4ndigkeit und freie Zeiteinteilung<\/h2>\n<p>Einer der gr\u00f6ssten W\u00fcnsche der Schweizer ist komplett immateriell: Sie w\u00fcnschen sich vor allem Selbstst\u00e4ndigkeit und eine eigene Zeiteinteilung. Gerade berufliche Unabh\u00e4ngigkeit ist f\u00fcr viele Schweizer nicht gegeben. Sie haben konkrete Arbeitszeiten, sind weisungsgebunden und verf\u00fcgen nur \u00fcber einen begrenzten Jahresurlaub. Viele w\u00fcnschen sich, einen Beruf auszu\u00fcben, bei dem sie <strong>\u00fcber ihre pers\u00f6nliche Zeit freier verf\u00fcgen<\/strong> und ihre Arbeit ganz nach ihrem individuellen Rhythmus gestalten k\u00f6nnen.<\/p>\n<p>Ausserdem sagen viele Schweizer, dass sich ihre Lebensqualit\u00e4t deutlich erh\u00f6hen w\u00fcrde, wenn sie mehr Zeit f\u00fcr die sch\u00f6nen Dinge im Leben h\u00e4tten. Einige wollen mehr Zeit mit der Familie verbringen, andere <strong>Sport treiben, interessanten Hobbys nachgehen und reisen<\/strong>. Ein reiner Rhythmus aus arbeiten, essen und schlafen ist den Meisten zu wenig.<\/p>\n<h2>Attraktive Luxusuhren<\/h2>\n<p>Ein weiterer Wunsch, den sich viele Schweizer erf\u00fcllen m\u00f6chten, sind ansprechende Luxusuhren. Sie tr\u00e4umen davon, einen attraktiven und zuverl\u00e4ssigen Wertgegenstand zu besitzen, der sie immer wieder daran erinnert, dass sie es beruflich geschafft haben. Die Uhren sollen keinesfalls beliebig aussehen, sondern <strong>einen individuellen und ansprechenden Charakter<\/strong> haben. Die Schweizer w\u00fcnschen sich, dass ihre Luxusuhren genauso individuell und aussergew\u00f6hnlich sind wie sie selbst. Hierbei geht es nicht darum, zu prahlen oder den eigenen Erfolg auszustellen, sondern sich selbst etwas zu g\u00f6nnen und f\u00fcr erreichte Ziele und vollbrachte Leistungen zu belohnen.<\/p>\n<p>Die Schweizer stellen ganz unterschiedliche Anspr\u00fcche an Luxusuhren. Die Funktionalit\u00e4t spielt hierbei ebenso eine wichtige Rolle wie das Design. Die Uhren m\u00fcssen rundum zuverl\u00e4ssig laufen und sollten <strong>eine gr\u00f6sstm\u00f6gliche Zahl an Features<\/strong> bieten. Im Internet k\u00f6nnen sie <a href=\"https:\/\/www.chronext.ch\/\">originale Luxusuhren sicher und unkompliziert online bestellen<\/a> und haben eine grosse Auswahl vielf\u00e4ltiger Uhren und Designs zur Verf\u00fcgung. Hierdurch ist es bequem von zu Hause aus m\u00f6glich, sich diesen Traum von etwas mehr Luxus zu erf\u00fcllen.<\/p>\n<h2>Auf einer Weltreise die sch\u00f6nsten Destinationen besuchen<\/h2>\n<p>Reisen steht weit oben auf der Liste der W\u00fcnsche, die sich die Schweizer gerne erf\u00fcllen m\u00f6chten. Hierbei zeigen sich unterschiedliche Vorlieben bei den Reisedestinationen. W\u00e4hrend einige die Schweiz bereisen und die sch\u00f6nsten Regionen ihrer Heimat kennenlernen wollen, zieht es andere in die Ferne <strong>zu internationalen Reisezielen<\/strong>. Ausserdem variieren die Anspr\u00fcche an Reisen teilweise stark. W\u00e4hrend Familien mit Kindern vor allem unterhaltsame und abwechslungsreiche Urlaube w\u00fcnschen, geht es vielen Singles und Paaren eher um einen entspannten, luxuri\u00f6sen oder romantischen Trip.<\/p>\n<p>Unter anderem erfreuen sich Weltreisen grosser Beliebtheit. Die Menschen wollen nicht auf einen Ort beschr\u00e4nkt bleiben, sondern unterschiedliche Kulturen und Menschen kennenlernen. Unter anderem sind <strong>Kreuzfahrten mit spannenden Routen<\/strong> zu faszinierenden Destinationen in den USA, der Karibik oder der <a href=\"http:\/\/www.zanetti.ch\/?p=1636\">T\u00fcrkei<\/a> beliebt. Andere fahren mit dem eigenen Auto und halten sich immer eine gewisse Zeit an bestimmten Orten auf. Bei solchen Weltreisen zeigen sich ebenfalls die unterschiedlichen Interessen der Menschen. W\u00e4hrend einige m\u00f6glichst viele Sehensw\u00fcrdigkeiten besuchen wollen, geht es anderen um den Kontakt mit den Menschen und wieder andere wollen sich einfach an wundersch\u00f6nen Orten entspannen.<\/p>\n<h2>Luxuri\u00f6se Autos sind gefragt<\/h2>\n<p>In der Schweiz gibt es eine beachtliche Zahl an Menschen, die gerne ein eigenes <a href=\"https:\/\/www.tagesanzeiger.ch\/schweiz\/das-sind-die-exklusivsten-autos-auf-schweizer-strassen\/story\/10235797\">luxuri\u00f6ses Auto<\/a> h\u00e4tten. Ein eigenes Fahrzeug ist hier ein grosses Statussymbol, mit dem viele positive Emotionen verkn\u00fcpft sind. Die Menschen wollen sich um ihr Auto k\u00fcmmern und tolle Fahrten damit erleben. Ein solches Fahrzeug steht f\u00fcr <strong>Freiheit, Ungebundenheit und komplette Kontrolle \u00fcber das eigene Leben<\/strong>.<\/p>\n<p>Die Anspr\u00fcche an luxuri\u00f6se Autos variieren teilweise stark. Einigen geht es um hohe Geschwindigkeiten, weil sie hierbei eine gr\u00f6sstm\u00f6gliche Freiheit versp\u00fcren. Andere wollen zahlreiche Extras und Features haben, sodass das Auto zum <strong>Wohlf\u00fchlort mit grossem Komfort<\/strong> wird. Ebenso wichtig ist es, dass eine grosse Designauswahl zur Verf\u00fcgung steht, sodass das eigene Auto auf die pers\u00f6nlichen Vorlieben und den eigenen Stil zugeschnitten werden kann.<\/p>\n<p><a href=\"https:\/\/i0.wp.com\/www.zanetti.ch\/wp-content\/uploads\/2021\/05\/Auto.jpg?ssl=1\"><img data-recalc-dims=\"1\" loading=\"lazy\" decoding=\"async\" class=\"alignnone wp-image-494999\" src=\"https:\/\/i0.wp.com\/www.zanetti.ch\/wp-content\/uploads\/2021\/05\/Auto.jpg?resize=457%2C343&#038;ssl=1\" alt=\"\" width=\"457\" height=\"343\" srcset=\"https:\/\/i0.wp.com\/www.zanetti.ch\/wp-content\/uploads\/2021\/05\/Auto.jpg?resize=300%2C225&amp;ssl=1 300w, https:\/\/i0.wp.com\/www.zanetti.ch\/wp-content\/uploads\/2021\/05\/Auto.jpg?resize=1024%2C767&amp;ssl=1 1024w, https:\/\/i0.wp.com\/www.zanetti.ch\/wp-content\/uploads\/2021\/05\/Auto.jpg?resize=768%2C575&amp;ssl=1 768w, https:\/\/i0.wp.com\/www.zanetti.ch\/wp-content\/uploads\/2021\/05\/Auto.jpg?resize=1536%2C1151&amp;ssl=1 1536w, https:\/\/i0.wp.com\/www.zanetti.ch\/wp-content\/uploads\/2021\/05\/Auto.jpg?w=2006&amp;ssl=1 2006w, https:\/\/i0.wp.com\/www.zanetti.ch\/wp-content\/uploads\/2021\/05\/Auto.jpg?w=948&amp;ssl=1 948w, https:\/\/i0.wp.com\/www.zanetti.ch\/wp-content\/uploads\/2021\/05\/Auto.jpg?w=1422&amp;ssl=1 1422w\" sizes=\"auto, (max-width: 457px) 100vw, 457px\" \/><\/a><\/p>\n<p>Foto: Pixabay.com, \u00a9 <a href=\"https:\/\/pixabay.com\/de\/photos\/morgan-plus-8-auto-fahrzeug-2851110\/\">Hans<\/a>, <a href=\"https:\/\/creativecommons.org\/publicdomain\/zero\/1.0\/deed.de\">CC0 1.0<\/a><\/p>\n<h2>Die Sehnsucht nach Wohneigentum<\/h2>\n<p>Gerade in Ballungszentren in der Schweiz ist die Sehnsucht nach <a href=\"https:\/\/www.ch.ch\/de\/wohneigentum\/\">Wohneigentum<\/a> besonders ausgepr\u00e4gt. Platz, Bewegungsfreiheit und ein pers\u00f6nlicher R\u00fcckzugsort erscheinen vielen Schweizern als kostbar. Hierbei ist erstaunlich, dass dieser Wunsch <strong>bei Singles, Paaren und Familien gleichermassen stark ausgepr\u00e4gt<\/strong> ist. Alle scheinen das Gef\u00fchl zu haben, durch ein Plus an Wohnraum eine gr\u00f6ssere Lebensfreude zu erreichen.<\/p>\n<p>Mit Wohneigentum sind viele positive Assoziationen verkn\u00fcpft. So sehen viele Schweizer darin eine Wertanlage, <strong>mit der sie f\u00fcr das Alter vorsorgen k\u00f6nnen<\/strong>. Ausserdem wollen viele unabh\u00e4ngig von Vermietern, deren Vorgaben und eventuellen Mieterh\u00f6hungen werden. Der grosse Traum besteht darin, sich das eigene Zuhause ganz nach den eigenen W\u00fcnschen gestalten zu k\u00f6nnen und keine Vorgaben anderer erf\u00fcllen zu m\u00fcssen. Viele geben an, dass sie sowohl eine Wohnung als auch ein Haus als Wohneigentum gut f\u00e4nden, vielen ist jedoch ein eigener Garten wichtig.<\/p>\n<h2>Aussergew\u00f6hnliche Events<\/h2>\n<p>Zahlreiche Schweizer geben an, dass Sie sich w\u00fcnschen w\u00fcrden, mehr aussergew\u00f6hnliche Events in ihrem Alltag zu erleben. W\u00e4hrend f\u00fcr einige damit ein romantisches Essen in einem luxuri\u00f6sen Restaurant verbunden ist, w\u00fcnschen sich andere <strong>sportliche Events wie Fallschirmspringen oder eine Fahrt mit einem Formel 1 Wagen<\/strong>. Die Menschen geben an, dass es gerade solche Erlebnisse seien, die einem lange im Ged\u00e4chtnis bleiben und f\u00fcr eine gesteigerte Lebensfreude sorgen w\u00fcrden.<\/p>\n<p>Wie bei den anderen W\u00fcnschen zeigen sich bei der Sehnsucht nach spannenden Events verschiedene Vorlieben. Einigen ist es wichtig, Erlebnisse mit anderen Menschen zu teilen, w\u00e4hrend andere lieber f\u00fcr sich bleiben und bei ihren Erlebnissen <strong>eine gr\u00f6sstm\u00f6gliche Unabh\u00e4ngigkeit<\/strong> erleben wollen. Manche Schweizer sind auf der Suche nach Risiko und Gefahr und wollen bei den Events einen Adrenalinschub erleben. Andere wollen sich gerade nicht stressen, sondern in einer entspannten und luxuri\u00f6sen Atmosph\u00e4re den Alltag hinter sich lassen.<\/p>\n<h2>Fazit<\/h2>\n<p>Die W\u00fcnsche und Tr\u00e4ume der Schweizer sind vielseitig. Lebensfreude gewinnen einige aus zus\u00e4tzlicher frei verf\u00fcgbarer Zeit und spannenden Events. Anderen sind luxuri\u00f6se Wertgegenst\u00e4nde besonders wichtig. Es zeigt sich, dass sich viele dieser Tr\u00e4ume und W\u00fcnsche realisieren lassen, ohne dass hierf\u00fcr \u00fcberm\u00e4ssig viel Geld zur Verf\u00fcgung stehen m\u00fcsste. Die Schweizer k\u00f6nnen sich also mehr Lebensfreude und Gl\u00fcck k\u00f6nnen, m\u00fcssen hierf\u00fcr bloss ein wenig aktiv werden.<\/p>\n<p>Die W\u00fcnsche und Tr\u00e4ume der Schweizer sind vielseitig. Lebensfreude gewinnen einige aus zus\u00e4tzlicher frei verf\u00fcgbarer Zeit und spannenden Events. Anderen sind luxuri\u00f6se Wertgegenst\u00e4nde besonders wichtig. Es zeigt sich, <strong>dass sich viele dieser Tr\u00e4ume und W\u00fcnsche realisieren lassen<\/strong>, ohne dass hierf\u00fcr \u00fcberm\u00e4ssig viel Geld zur Verf\u00fcgung stehen m\u00fcsste. Die Schweizer k\u00f6nnen sich also mehr Lebensfreude und Gl\u00fcck k\u00f6nnen, m\u00fcssen hierf\u00fcr bloss ein wenig aktiv werden.<\/p>\n\n<div class=\"twitter-share\"><a href=\"https:\/\/twitter.com\/intent\/tweet?via=zac1967\" class=\"twitter-share-button\" data-size=\"large\">Twittern<\/a><\/div>\n","protected":false},"excerpt":{"rendered":"<p>Foto: Pixabay.com, \u00a9 ArtisticOperations, CC0 1.0 Die Schweizer haben eine klare Vorstellung davon, wie sie ihr Leben angenehmer, luxuri\u00f6ser und gl\u00fccklicher gestalten k\u00f6nnen. Einige ihrer W\u00fcnsche sind komplett immateriell, andere reichen von Luxusuhren \u00fcber Traumurlaube bis hin zu Autos und Wohneigentum. Was sich die Schweizer im Einzelnen w\u00fcnschen und was sie sich diesbez\u00fcglich f\u00fcr ihre &hellip; <a href=\"http:\/\/www.zanetti.ch\/?page_id=494996\" class=\"more-link\"><span class=\"screen-reader-text\">Das sind die Tr\u00e4ume und W\u00fcnsche der Schweizer<\/span> weiterlesen <span class=\"meta-nav\">&rarr;<\/span><\/a><\/p>\n","protected":false},"author":1,"featured_media":0,"parent":495008,"menu_order":0,"comment_status":"closed","ping_status":"closed","template":"","meta":{"_exactmetrics_skip_tracking":false,"_exactmetrics_sitenote_active":false,"_exactmetrics_sitenote_note":"","_exactmetrics_sitenote_category":0,"jetpack_post_was_ever_published":false,"footnotes":""},"class_list":["post-494996","page","type-page","status-publish","hentry"],"jetpack_sharing_enabled":true,"jetpack_shortlink":"https:\/\/wp.me\/P6ORi5-24LO","_links":{"self":[{"href":"http:\/\/www.zanetti.ch\/index.php?rest_route=\/wp\/v2\/pages\/494996","targetHints":{"allow":["GET"]}}],"collection":[{"href":"http:\/\/www.zanetti.ch\/index.php?rest_route=\/wp\/v2\/pages"}],"about":[{"href":"http:\/\/www.zanetti.ch\/index.php?rest_route=\/wp\/v2\/types\/page"}],"author":[{"embeddable":true,"href":"http:\/\/www.zanetti.ch\/index.php?rest_route=\/wp\/v2\/users\/1"}],"replies":[{"embeddable":true,"href":"http:\/\/www.zanetti.ch\/index.php?rest_route=%2Fwp%2Fv2%2Fcomments&post=494996"}],"version-history":[{"count":3,"href":"http:\/\/www.zanetti.ch\/index.php?rest_route=\/wp\/v2\/pages\/494996\/revisions"}],"predecessor-version":[{"id":495007,"href":"http:\/\/www.zanetti.ch\/index.php?rest_route=\/wp\/v2\/pages\/494996\/revisions\/495007"}],"up":[{"embeddable":true,"href":"http:\/\/www.zanetti.ch\/index.php?rest_route=\/wp\/v2\/pages\/495008"}],"wp:attachment":[{"href":"http:\/\/www.zanetti.ch\/index.php?rest_route=%2Fwp%2Fv2%2Fmedia&parent=494996"}],"curies":[{"name":"wp","href":"https:\/\/api.w.org\/{rel}","templated":true}]}}