{"id":334,"date":"2015-07-27T09:39:01","date_gmt":"2015-07-27T07:39:01","guid":{"rendered":"http:\/\/zanetti.ch\/2015\/?page_id=334"},"modified":"2015-09-10T12:58:10","modified_gmt":"2015-09-10T10:58:10","slug":"links","status":"publish","type":"page","link":"https:\/\/www.zanetti.ch\/?page_id=334","title":{"rendered":"Links"},"content":{"rendered":"<h1>Politische und halbpolitische Links<\/h1>\n<ul>\n<li>Unsere Mutterpartei, obwohl sie j\u00fcnger ist als ihre Z\u00fcrcher Tochter: <a href=\"http:\/\/www.svp.ch\" target=\"_blank\">www.svp.ch<\/a><\/li>\n<li>Hier finden Sie alles, was mit der SVP im Wahlkampf zu tun hat: <a href=\"http:\/\/www.svp-wahlen.ch\" target=\"_blank\">www.svp-wahlen.ch<\/a><\/li>\n<li>Das Original, die ber\u00fchmte Z\u00fcrcher SVP: <a href=\"http:\/\/www.svp-zuerich.ch\" target=\"_blank\">www.svp-zuerich.ch<\/a><\/li>\n<li>Jede Woche ein Interview mit dem abgew\u00e4hlen Bundesrat, der noch immer etwas zu sagen hat: <a href=\"http:\/\/www.teleblocher.ch\" target=\"_blank\">www.teleblocher.ch<\/a><\/li>\n<li>Die SVP des Bezirks Meilen: <a href=\"http:\/\/www.svp-bezirk-meilen.ch\/\" target=\"_blank\">www.svp-bezirk-meilen.ch\/<\/a><\/li>\n<li>SVP der Stadt Z\u00fcrich: <a href=\"http:\/\/www.svp-stadt-zuerich.ch\" target=\"_blank\">www.svp-stadt-zuerich.ch<\/a><\/li>\n<li>Seite des Pr\u00e4sidenten der l\u00f6blichen SVP-Fraktion des Z\u00fcrcher Gemeinderats: <a href=\"http:\/\/www.mauro-tuena.ch\" target=\"_blank\">www.mauro-tuena.ch<\/a><\/li>\n<li>Der Think Tank des Liberalismus: <a href=\"http:\/\/www.libinst.ch\" target=\"_blank\">www.libinst.ch<\/a><\/li>\n<li>Aktuelle Diskussionsbeitr\u00e4ge aus ordnungspolitischer Sicht: <a href=\"http:\/\/www.ordnungspolitik.ch\" target=\"_blank\">www.ordnungspolitik.ch<\/a><\/li>\n<li>Die liberal-konservative Meinungsseite: <a href=\"http:\/\/www.rolandtichy.de\/\" target=\"_blank\">http:\/\/www.rolandtichy.de\/<\/a><\/li>\n<li><a title=\"Ein Zusammenschluss von Journalisten und Schriftstellern. Ihr Weblog z\u00e4hlt zu den meist besuchten Deutschlands und ist f\u00fcr viele Leser zu einem Leitmedium f\u00fcr politische Analyse und Kritik geworden.\" href=\"http:\/\/www.achgut.com\/dadgdx\/\">Die Achse des Guten<br \/>\n<\/a>Ein Zusammenschluss von Journalisten und Schriftstellern. Ihr Weblog z\u00e4hlt zu den meist besuchten Deutschlands und ist f\u00fcr viele Leser zu einem Leitmedium f\u00fcr politische Analyse und Kritik geworden.<\/li>\n<li><a title=\"Alles \u00fcber Eigentum und Freiheit\" href=\"http:\/\/ef-magazin.de\/\">Eigent\u00fcmlich frei<br \/>\n<\/a>Alles \u00fcber Eigentum und Freiheit<\/li>\n<li><a title=\"Erl\u00e4utert die Funktionsweise einer nat\u00fcrlichen, freiheitlichen Ordnung von Wirtschaft und Gesellschaft.\" href=\"http:\/\/www.forum-ordnungspolitik.de\/\">Forum Ordnungspolitik<br \/>\n<\/a>Erl\u00e4utert die Funktionsweise einer nat\u00fcrlichen, freiheitlichen Ordnung von Wirtschaft und Gesellschaft.<\/li>\n<li><a title=\"Gegensaetzliches wird mit Gegensaetzlichem geheilt! - F\u00fcr die Liebhaber des Liberalismus\" href=\"http:\/\/www.freilich.ch\/blog\/\">Freilich.ch<br \/>\n<\/a>Gegensaetzliches wird mit Gegensaetzlichem geheilt! &#8211; F\u00fcr die Liebhaber des Liberalismus<\/li>\n<li><a title=\"befasst sich mit Problemen der schweizerischen Identit\u00e4t; diesbez\u00fcgliche Elemente finden sich u.a. im staats\u2212 und gesellschaftspolitischen, sozialen, kulturellen und \u00f6kologischen Bereich.\" href=\"http:\/\/www.identitaet-schweiz.ch\">Identit\u00e4t Schweiz<br \/>\n<\/a>befasst sich mit Problemen der schweizerischen Identit\u00e4t; diesbez\u00fcgliche Elemente finden sich u.a. im staats\u2212 und gesellschaftspolitischen, sozialen, kulturellen und \u00f6kologischen Bereich.<\/li>\n<li><a title=\"Ansichten zu Politik &amp; Fussball\" href=\"http:\/\/www.lizaswelt.net\/\">Lizas Welt<br \/>\n<\/a>Ansichten zu Politik &amp; Fussball<\/li>\n<li><a title=\"Parteien diskutieren aktuelle Themen\" href=\"http:\/\/www.nzzvotum.ch\/\">NZZ Votum<br \/>\n<\/a>Parteien diskutieren aktuelle Themen<\/li>\n<li><a title=\"Politisch unabh\u00e4ngige Politik-Plattform\" href=\"http:\/\/www.politnetz.ch\/\">Politnetz.ch<br \/>\n<\/a>Politisch unabh\u00e4ngige Politik-Plattform<\/li>\n<li><a title=\"unzensierte Fakten\" href=\"http:\/\/www.politonline.ch\/index.cfm\">Politonline<br \/>\n<\/a>unzensierte Fakten<\/li>\n<li><a title=\"Privater Kommentarblog, also immer streng subjektiv, gerne auch plakativ, pointiert und provokant.\" href=\"http:\/\/eppinger.wordpress.com\/about\/\">Standpunkte<br \/>\n<\/a>Privater Kommentarblog, also immer streng subjektiv, gerne auch plakativ, pointiert und provokant.<\/li>\n<li><a title=\"Privater Kommentarblog, also immer streng subjektiv, gerne auch plakativ, pointiert und provokant.\" href=\"http:\/\/www.foxnews.com\/on-air\/oreilly\/index.html\" target=\"_blank\">The Bill O&#8217;Reilly Factor<br \/>\n<\/a>Mein Lieblingskommentator auf FoxNews.<\/li>\n<\/ul>\n<div id=\"inhalt\">\n<h1>Offizielle Links<\/h1>\n<ul>\n<li>Eidgenossenschaft: <a href=\"http:\/\/www.admin.ch\" target=\"_blank\">www.admin.ch<\/a><\/li>\n<li>Bundesversammlung: <a href=\"http:\/\/www.parlament.ch\" target=\"_blank\">www.parlament.ch<\/a><\/li>\n<li>Bundesgericht: <a href=\"http:\/\/www.bger.ch\" target=\"_blank\">www.bger.ch<\/a><\/li>\n<li>Das Schweizer Portal: <a href=\"http:\/\/www.ch.ch\" target=\"_blank\">www.ch.ch<\/a><\/li>\n<li>Kanton Z\u00fcrich: <a href=\"http:\/\/www.zh.ch\" target=\"_blank\">www.zh.ch<\/a><\/li>\n<li>Kantonsrat: <a href=\"http:\/\/www.kantonsrat.zh.ch\" target=\"_blank\">www.kantonsrat.zh.ch<\/a><\/li>\n<\/ul>\n<h1>Weitere Links auf Websites, die ich mag<\/h1>\n<h2>Kommunikation<\/h2>\n<ul>\n<li>Mediendienst der Schweizer Kommunikationsbranche: <a href=\"http:\/\/www.kleinreport.ch\/\" target=\"_blank\">http:\/\/www.kleinreport.ch\/<\/a><\/li>\n<li>Den einzigen Fernsehsender, den ich vermissen w\u00fcrde: <a href=\"http:\/\/www.arte.tv\" target=\"_blank\">www.arte.tv<\/a><\/li>\n<\/ul>\n<h2>Die andere Seite<\/h2>\n<ul>\n<li>Eine Absage an den Mainstream-Journalismus: <a href=\"http:\/\/www.weltwoche.ch\" target=\"_blank\">www.weltwoche.ch<\/a><\/li>\n<li>Online-Tagebuch der Mitglieder des publizistischen Netzwerks &#8222;Die Achse des Guten&#8220;: <a href=\"http:\/\/www.achgut.com\/dadgdx\/index.php\" target=\"_blank\">http:\/\/www.achgut.com\/dadgdx\/index.php<\/a><\/li>\n<li>Der Albtraum aller politisch Korrekten: <a href=\"http:\/\/www.pi-news.net\" target=\"_blank\">http:\/\/www.pi-news.net<\/a><\/li>\n<li>Politisch herrlich unkorrekt &#8211; Der deutsche Journalist und Querdenker Henryk M. Broder <a href=\"http:\/\/www.henryk-broder.de\" target=\"_blank\">http:\/\/www.henryk-broder.de<\/a><\/li>\n<li>Lizas Welt &#8211; Ansichten zu Politik &amp; Fussball: <a href=\"http:\/\/lizaswelt.blogspot.com\" target=\"_blank\">http:\/\/lizaswelt.blogspot.com<\/a><\/li>\n<li>Le Magazine contre le N\u00e9o-conformisme: <a href=\"http:\/\/www.commentaires.com\" target=\"_blank\">http:\/\/www.commentaires.com<\/a><\/li>\n<\/ul>\n<h2>Geschichte \/ Feuilleton<\/h2>\n<ul>\n<li>Nachrichtendienst f\u00fcr Historiker mit gratis Newsletter: <a href=\"http:\/\/www.historiker.de\" target=\"_blank\">www.historiker.de<\/a><\/li>\n<li>F\u00fcr alle, die an Zeitgeschichte interessiert sind: <a href=\"http:\/\/einestages.spiegel.de\/page\/Home.html\" target=\"_blank\">http:\/\/einestages.spiegel.de\/page\/Home.html<\/a><\/li>\n<li>Sammlung von Artikeln zu historischen Themen: <a href=\"http:\/\/www.welt.de\/wissenschaft\/history\/\" target=\"_blank\">www.welt.de\/wissenschaft\/history\/<\/a><\/li>\n<li>Das das gr\u00f6sste Kulturmagazin im deutschsprachigen Internet: <a href=\"http:\/\/www.perlentaucher.de\" target=\"_blank\">www.perlentaucher.de<\/a><\/li>\n<\/ul>\n<h2>Milit\u00e4r und Studentenverbindung<\/h2>\n<ul>\n<li>Alles \u00fcber die F\u00fchrungsunterst\u00fctzungsbrigade 41. <a href=\"http:\/\/www.fubr41.ch\" target=\"_blank\">www.fubr41.ch<\/a><\/li>\n<li>Die 1907 gegr\u00fcndete l\u00f6bliche Studentenverbindung der Stiftsschule Engelberg: <a href=\"http:\/\/www.angelomontana.ch\" target=\"_blank\">www.angelomontana.ch<\/a><\/li>\n<\/ul>\n<h2>N\u00fctzliche Links<\/h2>\n<ul>\n<li>Erkl\u00e4rt zwar nicht die ganze Welt, aber immerhin einen wichtigen Teil davon: <a href=\"http:\/\/www.faz.net\/erklaermirdiewelt\" target=\"_blank\">http:\/\/www.faz.net\/erklaermirdiewelt<\/a><\/li>\n<li>F\u00fcr mehr Spass an der deutschen Sprache: <a href=\"http:\/\/www.spiegel.de\/kultur\/zwiebelfisch\/0,1518,332092,00.html\" target=\"_blank\">http:\/\/www.spiegel.de\/kultur\/zwiebelfisch\/0,1518,332092,00.html<\/a><\/li>\n<li>Eine Sammlung von Artikeln und \u00dcbersichtsbl\u00e4ttern aus dem Bereich der Kommunikation und deren Grenzgebieten: <a href=\"http:\/\/www.rhetorik.ch\" target=\"_blank\">www.rhetorik.ch<\/a><\/li>\n<li>Der Verwerter &#8211; &#8222;Internetmagazin zu einer vielf\u00e4ltigen Weltsbetrachtung&#8220;: <a href=\"http:\/\/der-verwerter.ch\/\" target=\"_blank\">http:\/\/der-verwerter.ch\/<\/a><\/li>\n<li>Die erste konservative Web-community (gegr\u00fcndet 1995) mit zahlreichen Kolumnen: <a href=\"http:\/\/www.townhall.com\" target=\"_blank\">www.townhall.com<\/a><\/li>\n<li>Berichte vom Abenteuer Zeitunglesen: <a href=\"http:\/\/www.blattkritik.ch\" target=\"_blank\">www.blattkritik.ch<\/a><\/li>\n<\/ul>\n<\/div>\n\n<div class=\"twitter-share\"><a href=\"https:\/\/twitter.com\/intent\/tweet?via=zac1967\" class=\"twitter-share-button\" data-size=\"large\">Twittern<\/a><\/div>\n","protected":false},"excerpt":{"rendered":"<p>Politische und halbpolitische Links Unsere Mutterpartei, obwohl sie j\u00fcnger ist als ihre Z\u00fcrcher Tochter: www.svp.ch Hier finden Sie alles, was mit der SVP im Wahlkampf zu tun hat: www.svp-wahlen.ch Das Original, die ber\u00fchmte Z\u00fcrcher SVP: www.svp-zuerich.ch Jede Woche ein Interview mit dem abgew\u00e4hlen Bundesrat, der noch immer etwas zu sagen hat: www.teleblocher.ch Die SVP des &hellip; <a href=\"https:\/\/www.zanetti.ch\/?page_id=334\" class=\"more-link\"><span class=\"screen-reader-text\">Links<\/span> weiterlesen <span class=\"meta-nav\">&rarr;<\/span><\/a><\/p>\n","protected":false},"author":1,"featured_media":0,"parent":0,"menu_order":3,"comment_status":"closed","ping_status":"open","template":"","meta":{"_exactmetrics_skip_tracking":false,"_exactmetrics_sitenote_active":false,"_exactmetrics_sitenote_note":"","_exactmetrics_sitenote_category":0,"jetpack_post_was_ever_published":false,"footnotes":""},"class_list":["post-334","page","type-page","status-publish","hentry"],"jetpack_sharing_enabled":true,"jetpack_shortlink":"https:\/\/wp.me\/P6ORi5-5o","_links":{"self":[{"href":"https:\/\/www.zanetti.ch\/index.php?rest_route=\/wp\/v2\/pages\/334","targetHints":{"allow":["GET"]}}],"collection":[{"href":"https:\/\/www.zanetti.ch\/index.php?rest_route=\/wp\/v2\/pages"}],"about":[{"href":"https:\/\/www.zanetti.ch\/index.php?rest_route=\/wp\/v2\/types\/page"}],"author":[{"embeddable":true,"href":"https:\/\/www.zanetti.ch\/index.php?rest_route=\/wp\/v2\/users\/1"}],"replies":[{"embeddable":true,"href":"https:\/\/www.zanetti.ch\/index.php?rest_route=%2Fwp%2Fv2%2Fcomments&post=334"}],"version-history":[{"count":3,"href":"https:\/\/www.zanetti.ch\/index.php?rest_route=\/wp\/v2\/pages\/334\/revisions"}],"predecessor-version":[{"id":681,"href":"https:\/\/www.zanetti.ch\/index.php?rest_route=\/wp\/v2\/pages\/334\/revisions\/681"}],"wp:attachment":[{"href":"https:\/\/www.zanetti.ch\/index.php?rest_route=%2Fwp%2Fv2%2Fmedia&parent=334"}],"curies":[{"name":"wp","href":"https:\/\/api.w.org\/{rel}","templated":true}]}}